{"id":16,"date":"2019-04-04T19:35:11","date_gmt":"2019-04-04T19:35:11","guid":{"rendered":"http:\/\/wordpress.zeltverleih-hassberg.de\/?page_id=16"},"modified":"2020-05-31T20:34:34","modified_gmt":"2020-05-31T20:34:34","slug":"__trashed","status":"publish","type":"page","link":"https:\/\/www.zeltverleih-hassberg.de\/?page_id=16","title":{"rendered":"Impressum"},"content":{"rendered":"\n<p><strong>Angaben gem\u00e4\u00df \u00a7 5 TMG:<\/strong> <br>Zeltverleih Ha\u00dfberg <\/p>\n\n\n\n<p><strong>Vertreten durch:<\/strong> <br>Bernhard H\u00f6pfinger<br>Ha\u00dfberg 3, 84431 Rattenkirchen <\/p>\n\n\n\n<p><strong>Kontakt:<\/strong> <br>Telefon:  0176 \/ 222 13270 <br>E-Mail: <a href=\"mailto:mail@zeltverleih-hassberg.de\">mail@zeltverleih-hassberg.de<\/a>  <br>Steuernummer: 141\/229\/8047<\/p>\n\n\n\n<p><strong>Streitschlichtung<\/strong><em> <\/em><br>Ich bin nicht bereit oder verpflichtet, an Streitbeilegungsverfahren vor einer Verbraucherschlichtungsstelle teilzunehmen.  <\/p>\n\n\n\n<p><strong>Haftung f\u00fcr Inhalte<\/strong><br>Als Diensteanbieter bin ich gem\u00e4\u00df \u00a7 7 Abs. 1 TMG f\u00fcr eigene Inhalte auf diesen Seiten nach den allgemeinen Gesetzen verantwortlich. Nach \u00a7\u00a7 8  bis 10 TMG bin ich als  Diensteanbieter jedoch nicht verpflichtet, \u00fcbermittelte oder gespeicherte fremde Informationen zu \u00fcberwachen oder nach Umst\u00e4nden zu forschen, die auf eine rechtswidrige T\u00e4tigkeit hinweisen. Verpflichtungen zur Entfernung oder Sperrung der Nutzung von Informationen nach den allgemeinen Gesetzen bleiben hiervon unber\u00fchrt.   Eine diesbez\u00fcgliche Haftung ist jedoch erst ab dem Zeitpunkt der Kenntnis einer konkreten Rechtsverletzung m\u00f6glich. Bei Bekanntwerden von entsprechenden Rechtsverletzungen werde ich diese Inhalte umgehend entfernen.  <\/p>\n\n\n\n<p><strong>Urheberrecht<\/strong> <br>Die durch die Seitenbetreiber erstellten Inhalte und Werke auf diesen Seiten unterliegen dem deutschen Urheberrecht. Die Vervielf\u00e4ltigung, Bearbeitung, Verbreitung und jede Art der Verwertung au\u00dferhalb der Grenzen des Urheberrechtes bed\u00fcrfen der schriftlichen Zustimmung des jeweiligen Autors bzw. Erstellers. Downloads und Kopien dieser Seite sind nur f\u00fcr den privaten, nicht kommerziellen Gebrauch gestattet. Soweit die Inhalte auf dieser Seite nicht vom Betreiber erstellt wurden, werden die Urheberrechte Dritter beachtet. Insbesondere werden Inhalte   Dritter als solche gekennzeichnet. Sollten Sie trotzdem auf eine Urheberrechts-verletzung aufmerksam werden, bitte ich um einen entsprechenden Hinweis. Bei Bekanntwerden von Rechtsverletzungen werde ich derartige Inhalte umgehend entfernen.  <\/p>\n\n\n\n<p>Quelle: eRecht24<\/p>\n","protected":false},"excerpt":{"rendered":"<p>Angaben gem\u00e4\u00df \u00a7 5 TMG: Zeltverleih Ha\u00dfberg Vertreten durch: Bernhard H\u00f6pfingerHa\u00dfberg 3, 84431 Rattenkirchen Kontakt: Telefon: 0176 \/ 222 13270 E-Mail: mail@zeltverleih-hassberg.de Steuernummer: 141\/229\/8047 Streitschlichtung Ich bin nicht bereit oder verpflichtet, an Streitbeilegungsverfahren vor einer Verbraucherschlichtungsstelle teilzunehmen. Haftung f\u00fcr InhalteAls Diensteanbieter bin ich gem\u00e4\u00df \u00a7 7 Abs. 1 TMG f\u00fcr eigene Inhalte auf diesen Seiten &hellip; <\/p>\n<p class=\"link-more\"><a href=\"https:\/\/www.zeltverleih-hassberg.de\/?page_id=16\" class=\"more-link\"><span class=\"screen-reader-text\">\u201eImpressum\u201c<\/span> weiterlesen<\/a><\/p>\n","protected":false},"author":1,"featured_media":0,"parent":0,"menu_order":0,"comment_status":"closed","ping_status":"closed","template":"","meta":[],"_links":{"self":[{"href":"https:\/\/www.zeltverleih-hassberg.de\/index.php?rest_route=\/wp\/v2\/pages\/16"}],"collection":[{"href":"https:\/\/www.zeltverleih-hassberg.de\/index.php?rest_route=\/wp\/v2\/pages"}],"about":[{"href":"https:\/\/www.zeltverleih-hassberg.de\/index.php?rest_route=\/wp\/v2\/types\/page"}],"author":[{"embeddable":true,"href":"https:\/\/www.zeltverleih-hassberg.de\/index.php?rest_route=\/wp\/v2\/users\/1"}],"replies":[{"embeddable":true,"href":"https:\/\/www.zeltverleih-hassberg.de\/index.php?rest_route=%2Fwp%2Fv2%2Fcomments&post=16"}],"version-history":[{"count":12,"href":"https:\/\/www.zeltverleih-hassberg.de\/index.php?rest_route=\/wp\/v2\/pages\/16\/revisions"}],"predecessor-version":[{"id":119,"href":"https:\/\/www.zeltverleih-hassberg.de\/index.php?rest_route=\/wp\/v2\/pages\/16\/revisions\/119"}],"wp:attachment":[{"href":"https:\/\/www.zeltverleih-hassberg.de\/index.php?rest_route=%2Fwp%2Fv2%2Fmedia&parent=16"}],"curies":[{"name":"wp","href":"https:\/\/api.w.org\/{rel}","templated":true}]}}